{"id":1621,"date":"2022-02-11T17:30:24","date_gmt":"2022-02-11T20:30:24","guid":{"rendered":"http:\/\/posgrado1.unsl.edu.ar\/?page_id=1621"},"modified":"2025-11-07T11:14:08","modified_gmt":"2025-11-07T14:14:08","slug":"especializacion-en-sistemas-embebidos","status":"publish","type":"page","link":"http:\/\/posgrado.unsl.edu.ar\/?page_id=1621","title":{"rendered":"Especializaci\u00f3n en Sistemas Embebidos"},"content":{"rendered":"\t\t<div data-elementor-type=\"wp-page\" data-elementor-id=\"1621\" class=\"elementor elementor-1621\" data-elementor-settings=\"[]\">\n\t\t\t\t\t\t\t<div class=\"elementor-section-wrap\">\n\t\t\t\t\t\t\t<section class=\"elementor-section elementor-top-section elementor-element elementor-element-10d18b5 elementor-section-boxed elementor-section-height-default elementor-section-height-default\" data-id=\"10d18b5\" data-element_type=\"section\">\n\t\t\t\t\t\t<div class=\"elementor-container elementor-column-gap-default\">\n\t\t\t\t\t<div class=\"elementor-column elementor-col-66 elementor-top-column elementor-element elementor-element-1bf470e7\" data-id=\"1bf470e7\" data-element_type=\"column\">\n\t\t\t<div class=\"elementor-widget-wrap elementor-element-populated\">\n\t\t\t\t\t\t\t\t<div class=\"elementor-element elementor-element-26bf160c elementor-widget elementor-widget-heading\" data-id=\"26bf160c\" data-element_type=\"widget\" data-widget_type=\"heading.default\">\n\t\t\t\t<div class=\"elementor-widget-container\">\n\t\t\t<h4 class=\"elementor-heading-title elementor-size-default\">Especializaci\u00f3n en Sistemas Embebidos<\/h4>\t\t<\/div>\n\t\t\t\t<\/div>\n\t\t\t\t<div class=\"elementor-element elementor-element-e4c801d elementor-widget elementor-widget-text-editor\" data-id=\"e4c801d\" data-element_type=\"widget\" data-widget_type=\"text-editor.default\">\n\t\t\t\t<div class=\"elementor-widget-container\">\n\t\t\t\t\t\t\t<p>Facultad de Ciencias F\u00edsico Matem\u00e1ticas y Naturales<\/p>\t\t\t\t\t\t<\/div>\n\t\t\t\t<\/div>\n\t\t\t\t<div class=\"elementor-element elementor-element-6c11ac9a elementor-widget-divider--view-line elementor-widget elementor-widget-divider\" data-id=\"6c11ac9a\" data-element_type=\"widget\" data-widget_type=\"divider.default\">\n\t\t\t\t<div class=\"elementor-widget-container\">\n\t\t\t\t\t<div class=\"elementor-divider\">\n\t\t\t<span class=\"elementor-divider-separator\">\n\t\t\t\t\t\t<\/span>\n\t\t<\/div>\n\t\t\t\t<\/div>\n\t\t\t\t<\/div>\n\t\t\t\t<div class=\"elementor-element elementor-element-788a2a26 elementor-widget elementor-widget-heading\" data-id=\"788a2a26\" data-element_type=\"widget\" data-widget_type=\"heading.default\">\n\t\t\t\t<div class=\"elementor-widget-container\">\n\t\t\t<h4 class=\"elementor-heading-title elementor-size-default\">Reconocimiento Oficial<\/h4>\t\t<\/div>\n\t\t\t\t<\/div>\n\t\t\t\t<div class=\"elementor-element elementor-element-a4a92f4 elementor-icon-list--layout-traditional elementor-list-item-link-full_width elementor-widget elementor-widget-icon-list\" data-id=\"a4a92f4\" data-element_type=\"widget\" data-widget_type=\"icon-list.default\">\n\t\t\t\t<div class=\"elementor-widget-container\">\n\t\t\t\t\t<ul class=\"elementor-icon-list-items\">\n\t\t\t\t\t\t\t<li class=\"elementor-icon-list-item\">\n\t\t\t\t\t\t\t\t\t\t\t<a href=\"\/wp-content\/uploads\/Documentos\/Carreras\/Especializaciones\/RESOL-2023-127-APN-SECPU%23ME.pdf\" target=\"_blank\">\n\n\t\t\t\t\t\t\t\t\t\t\t\t<span class=\"elementor-icon-list-icon\">\n\t\t\t\t\t\t\t<i aria-hidden=\"true\" class=\"far fa-file-pdf\"><\/i>\t\t\t\t\t\t<\/span>\n\t\t\t\t\t\t\t\t\t\t<span class=\"elementor-icon-list-text\">RESOL-2023-127-APN-SECPU#ME <\/span>\n\t\t\t\t\t\t\t\t\t\t\t<\/a>\n\t\t\t\t\t\t\t\t\t<\/li>\n\t\t\t\t\t\t<\/ul>\n\t\t\t\t<\/div>\n\t\t\t\t<\/div>\n\t\t\t\t<div class=\"elementor-element elementor-element-a009145 elementor-widget elementor-widget-heading\" data-id=\"a009145\" data-element_type=\"widget\" data-widget_type=\"heading.default\">\n\t\t\t\t<div class=\"elementor-widget-container\">\n\t\t\t<h4 class=\"elementor-heading-title elementor-size-default\">Carrera acreditada por CONEAU<\/h4>\t\t<\/div>\n\t\t\t\t<\/div>\n\t\t\t\t<div class=\"elementor-element elementor-element-60358018 elementor-icon-list--layout-traditional elementor-list-item-link-full_width elementor-widget elementor-widget-icon-list\" data-id=\"60358018\" data-element_type=\"widget\" data-widget_type=\"icon-list.default\">\n\t\t\t\t<div class=\"elementor-widget-container\">\n\t\t\t\t\t<ul class=\"elementor-icon-list-items\">\n\t\t\t\t\t\t\t<li class=\"elementor-icon-list-item\">\n\t\t\t\t\t\t\t\t\t\t\t<a href=\"\/wp-content\/uploads\/Documentos\/Carreras\/Especializaciones\/RESFC-2022-194-APN-CONEAU%23ME.pdf\" target=\"_blank\">\n\n\t\t\t\t\t\t\t\t\t\t\t\t<span class=\"elementor-icon-list-icon\">\n\t\t\t\t\t\t\t<i aria-hidden=\"true\" class=\"far fa-file-pdf\"><\/i>\t\t\t\t\t\t<\/span>\n\t\t\t\t\t\t\t\t\t\t<span class=\"elementor-icon-list-text\">RESFC-2022-194-APN-CONEAU#ME<\/span>\n\t\t\t\t\t\t\t\t\t\t\t<\/a>\n\t\t\t\t\t\t\t\t\t<\/li>\n\t\t\t\t\t\t<\/ul>\n\t\t\t\t<\/div>\n\t\t\t\t<\/div>\n\t\t\t\t<div class=\"elementor-element elementor-element-e827ba7 elementor-widget elementor-widget-heading\" data-id=\"e827ba7\" data-element_type=\"widget\" data-widget_type=\"heading.default\">\n\t\t\t\t<div class=\"elementor-widget-container\">\n\t\t\t<h4 class=\"elementor-heading-title elementor-size-default\">Docentes Responsables<\/h4>\t\t<\/div>\n\t\t\t\t<\/div>\n\t\t\t\t<div class=\"elementor-element elementor-element-ebcd648 elementor-widget elementor-widget-text-editor\" data-id=\"ebcd648\" data-element_type=\"widget\" data-widget_type=\"text-editor.default\">\n\t\t\t\t<div class=\"elementor-widget-container\">\n\t\t\t\t\t\t\t<p><span style=\"font-weight: 400;\">Director: \u00a0Mgter. Roberto An\u00edbal KIESSLING DURAN<\/span><\/p><p><span style=\"font-weight: 400;\">Codirector: Mgter. Cristian SISTERNA<\/span><\/p>\t\t\t\t\t\t<\/div>\n\t\t\t\t<\/div>\n\t\t\t\t<div class=\"elementor-element elementor-element-6690e47c elementor-widget elementor-widget-text-editor\" data-id=\"6690e47c\" data-element_type=\"widget\" data-widget_type=\"text-editor.default\">\n\t\t\t\t<div class=\"elementor-widget-container\">\n\t\t\t\t\t\t\t<p><span style=\"font-weight: 400;\">T\u00edtulo obtenido: Especialista en Sistemas Embebidos<\/span><\/p><p><span style=\"font-weight: 400;\">Modalidad de dictado: Presencial<\/span><\/p><p><span style=\"font-weight: 400;\">Tipo de Plan: Estructurado<\/span><\/p><p><span style=\"font-weight: 400;\">Requisitos de Inscripci\u00f3n: Graduados con T\u00edtulo de Grado provenientes de universidades del pa\u00eds o del Extranjero.<\/span><\/p>\t\t\t\t\t\t<\/div>\n\t\t\t\t<\/div>\n\t\t\t\t<div class=\"elementor-element elementor-element-7f1507d8 elementor-widget-divider--view-line elementor-widget elementor-widget-divider\" data-id=\"7f1507d8\" data-element_type=\"widget\" data-widget_type=\"divider.default\">\n\t\t\t\t<div class=\"elementor-widget-container\">\n\t\t\t\t\t<div class=\"elementor-divider\">\n\t\t\t<span class=\"elementor-divider-separator\">\n\t\t\t\t\t\t<\/span>\n\t\t<\/div>\n\t\t\t\t<\/div>\n\t\t\t\t<\/div>\n\t\t\t\t<div class=\"elementor-element elementor-element-9c99571 elementor-widget elementor-widget-heading\" data-id=\"9c99571\" data-element_type=\"widget\" data-widget_type=\"heading.default\">\n\t\t\t\t<div class=\"elementor-widget-container\">\n\t\t\t<h4 class=\"elementor-heading-title elementor-size-default\">Informes<\/h4>\t\t<\/div>\n\t\t\t\t<\/div>\n\t\t\t\t<div class=\"elementor-element elementor-element-27dad94c elementor-widget elementor-widget-text-editor\" data-id=\"27dad94c\" data-element_type=\"widget\" data-widget_type=\"text-editor.default\">\n\t\t\t\t<div class=\"elementor-widget-container\">\n\t\t\t\t\t\t\t<ul><li style=\"font-weight: 400;\" aria-level=\"1\"><span style=\"font-weight: 400;\">Secretar\u00eda de Posgrado de la FCFMyN: <\/span><a href=\"mailto:posgradofmn@gmail.com\"><span style=\"font-weight: 400;\">posgradofmn@gmail.com<\/span><\/a> <span style=\"font-weight: 400;\">y tel. de contacto: 266-452-0300 Int. 5559<\/span><\/li><li style=\"font-weight: 400;\" aria-level=\"1\">Encargados de la carrera: <a href=\"mailto:rkiessling@gmail.com\" target=\"_blank\" rel=\"noopener\">rkiessling@gmail.com<\/a>\u00a0\/\u00a0<a href=\"mailto:csisterna@gmail.com\" target=\"_blank\" rel=\"noopener\">csisterna@gmail.com<\/a> y tel. de contacto: 266-452-0300 Int. 5157<\/li><\/ul>\t\t\t\t\t\t<\/div>\n\t\t\t\t<\/div>\n\t\t\t\t\t<\/div>\n\t\t<\/div>\n\t\t\t\t<div class=\"elementor-column elementor-col-33 elementor-top-column elementor-element elementor-element-60c44152\" data-id=\"60c44152\" data-element_type=\"column\">\n\t\t\t<div class=\"elementor-widget-wrap elementor-element-populated\">\n\t\t\t\t\t\t\t\t<div class=\"elementor-element elementor-element-263774fb elementor-align-center elementor-widget elementor-widget-button\" data-id=\"263774fb\" data-element_type=\"widget\" data-widget_type=\"button.default\">\n\t\t\t\t<div class=\"elementor-widget-container\">\n\t\t\t\t\t<div class=\"elementor-button-wrapper\">\n\t\t\t<a href=\"https:\/\/autogestion-posgrado.unsl.edu.ar\/g3w\/\" target=\"_blank\" class=\"elementor-button-link elementor-button elementor-size-md\" role=\"button\">\n\t\t\t\t\t\t<span class=\"elementor-button-content-wrapper\">\n\t\t\t\t\t\t<span class=\"elementor-button-text\">INSCRIPCI\u00d3N<\/span>\n\t\t<\/span>\n\t\t\t\t\t<\/a>\n\t\t<\/div>\n\t\t\t\t<\/div>\n\t\t\t\t<\/div>\n\t\t\t\t\t<\/div>\n\t\t<\/div>\n\t\t\t\t\t\t\t<\/div>\n\t\t<\/section>\n\t\t\t\t\t\t<\/div>\n\t\t\t\t\t<\/div>\n\t\t","protected":false},"excerpt":{"rendered":"<p>Especializaci\u00f3n en Sistemas Embebidos Facultad de Ciencias F\u00edsico Matem\u00e1ticas y Naturales Reconocimiento Oficial RESOL-2023-127-APN-SECPU#ME Carrera acreditada por CONEAU RESFC-2022-194-APN-CONEAU#ME Docentes Responsables Director: \u00a0Mgter. Roberto An\u00edbal&hellip;<\/p>\n","protected":false},"author":1,"featured_media":0,"parent":0,"menu_order":0,"comment_status":"closed","ping_status":"closed","template":"","meta":[],"_links":{"self":[{"href":"http:\/\/posgrado.unsl.edu.ar\/index.php?rest_route=\/wp\/v2\/pages\/1621"}],"collection":[{"href":"http:\/\/posgrado.unsl.edu.ar\/index.php?rest_route=\/wp\/v2\/pages"}],"about":[{"href":"http:\/\/posgrado.unsl.edu.ar\/index.php?rest_route=\/wp\/v2\/types\/page"}],"author":[{"embeddable":true,"href":"http:\/\/posgrado.unsl.edu.ar\/index.php?rest_route=\/wp\/v2\/users\/1"}],"replies":[{"embeddable":true,"href":"http:\/\/posgrado.unsl.edu.ar\/index.php?rest_route=%2Fwp%2Fv2%2Fcomments&post=1621"}],"version-history":[{"count":43,"href":"http:\/\/posgrado.unsl.edu.ar\/index.php?rest_route=\/wp\/v2\/pages\/1621\/revisions"}],"predecessor-version":[{"id":9642,"href":"http:\/\/posgrado.unsl.edu.ar\/index.php?rest_route=\/wp\/v2\/pages\/1621\/revisions\/9642"}],"wp:attachment":[{"href":"http:\/\/posgrado.unsl.edu.ar\/index.php?rest_route=%2Fwp%2Fv2%2Fmedia&parent=1621"}],"curies":[{"name":"wp","href":"https:\/\/api.w.org\/{rel}","templated":true}]}}