{"id":1578,"date":"2022-02-11T17:11:40","date_gmt":"2022-02-11T20:11:40","guid":{"rendered":"http:\/\/posgrado1.unsl.edu.ar\/?page_id=1578"},"modified":"2025-11-07T11:11:35","modified_gmt":"2025-11-07T14:11:35","slug":"especializacion-en-didactica-de-la-matematica","status":"publish","type":"page","link":"http:\/\/posgrado.unsl.edu.ar\/?page_id=1578","title":{"rendered":"Especializaci\u00f3n en Did\u00e1ctica de la Matem\u00e1tica"},"content":{"rendered":"\t\t<div data-elementor-type=\"wp-page\" data-elementor-id=\"1578\" class=\"elementor elementor-1578\" data-elementor-settings=\"[]\">\n\t\t\t\t\t\t\t<div class=\"elementor-section-wrap\">\n\t\t\t\t\t\t\t<section class=\"elementor-section elementor-top-section elementor-element elementor-element-11ddd9e elementor-section-boxed elementor-section-height-default elementor-section-height-default\" data-id=\"11ddd9e\" data-element_type=\"section\">\n\t\t\t\t\t\t<div class=\"elementor-container elementor-column-gap-default\">\n\t\t\t\t\t<div class=\"elementor-column elementor-col-66 elementor-top-column elementor-element elementor-element-40ad44c9\" data-id=\"40ad44c9\" data-element_type=\"column\">\n\t\t\t<div class=\"elementor-widget-wrap elementor-element-populated\">\n\t\t\t\t\t\t\t\t<div class=\"elementor-element elementor-element-232184c9 elementor-widget elementor-widget-heading\" data-id=\"232184c9\" data-element_type=\"widget\" data-widget_type=\"heading.default\">\n\t\t\t\t<div class=\"elementor-widget-container\">\n\t\t\t<h4 class=\"elementor-heading-title elementor-size-default\">Especializaci\u00f3n en Did\u00e1ctica de la Matem\u00e1tica<\/h4>\t\t<\/div>\n\t\t\t\t<\/div>\n\t\t\t\t<div class=\"elementor-element elementor-element-4f65fe53 elementor-widget elementor-widget-text-editor\" data-id=\"4f65fe53\" data-element_type=\"widget\" data-widget_type=\"text-editor.default\">\n\t\t\t\t<div class=\"elementor-widget-container\">\n\t\t\t\t\t\t\t<p>Facultad de Ciencias F\u00edsico Matem\u00e1ticas y Naturales<\/p><p><span style=\"font-weight: 400;\">Carrera Interinstitucional con la Universidad Nacional de R\u00edo Cuarto y la Universidad Nacional del Litoral<\/span><\/p>\t\t\t\t\t\t<\/div>\n\t\t\t\t<\/div>\n\t\t\t\t<div class=\"elementor-element elementor-element-1680eb67 elementor-widget-divider--view-line elementor-widget elementor-widget-divider\" data-id=\"1680eb67\" data-element_type=\"widget\" data-widget_type=\"divider.default\">\n\t\t\t\t<div class=\"elementor-widget-container\">\n\t\t\t\t\t<div class=\"elementor-divider\">\n\t\t\t<span class=\"elementor-divider-separator\">\n\t\t\t\t\t\t<\/span>\n\t\t<\/div>\n\t\t\t\t<\/div>\n\t\t\t\t<\/div>\n\t\t\t\t<div class=\"elementor-element elementor-element-f4066f3 elementor-widget elementor-widget-heading\" data-id=\"f4066f3\" data-element_type=\"widget\" data-widget_type=\"heading.default\">\n\t\t\t\t<div class=\"elementor-widget-container\">\n\t\t\t<h4 class=\"elementor-heading-title elementor-size-default\">Reconocimiento Oficial<\/h4>\t\t<\/div>\n\t\t\t\t<\/div>\n\t\t\t\t<div class=\"elementor-element elementor-element-72baec29 elementor-icon-list--layout-traditional elementor-list-item-link-full_width elementor-widget elementor-widget-icon-list\" data-id=\"72baec29\" data-element_type=\"widget\" data-widget_type=\"icon-list.default\">\n\t\t\t\t<div class=\"elementor-widget-container\">\n\t\t\t\t\t<ul class=\"elementor-icon-list-items\">\n\t\t\t\t\t\t\t<li class=\"elementor-icon-list-item\">\n\t\t\t\t\t\t\t\t\t\t\t<a href=\"\/wp-content\/uploads\/Documentos\/Carreras\/Especializaciones\/RSPU-770-23.pdf\" target=\"_blank\">\n\n\t\t\t\t\t\t\t\t\t\t\t\t<span class=\"elementor-icon-list-icon\">\n\t\t\t\t\t\t\t<i aria-hidden=\"true\" class=\"far fa-file-pdf\"><\/i>\t\t\t\t\t\t<\/span>\n\t\t\t\t\t\t\t\t\t\t<span class=\"elementor-icon-list-text\">RESOL-2023-770-APN-SECPU#ME<\/span>\n\t\t\t\t\t\t\t\t\t\t\t<\/a>\n\t\t\t\t\t\t\t\t\t<\/li>\n\t\t\t\t\t\t<\/ul>\n\t\t\t\t<\/div>\n\t\t\t\t<\/div>\n\t\t\t\t<div class=\"elementor-element elementor-element-8e46adb elementor-widget elementor-widget-heading\" data-id=\"8e46adb\" data-element_type=\"widget\" data-widget_type=\"heading.default\">\n\t\t\t\t<div class=\"elementor-widget-container\">\n\t\t\t<h4 class=\"elementor-heading-title elementor-size-default\">Carrera acreditada por CONEAU<\/h4>\t\t<\/div>\n\t\t\t\t<\/div>\n\t\t\t\t<div class=\"elementor-element elementor-element-085fe96 elementor-icon-list--layout-traditional elementor-list-item-link-full_width elementor-widget elementor-widget-icon-list\" data-id=\"085fe96\" data-element_type=\"widget\" data-widget_type=\"icon-list.default\">\n\t\t\t\t<div class=\"elementor-widget-container\">\n\t\t\t\t\t<ul class=\"elementor-icon-list-items\">\n\t\t\t\t\t\t\t<li class=\"elementor-icon-list-item\">\n\t\t\t\t\t\t\t\t\t\t\t<a href=\"\/wp-content\/uploads\/Documentos\/Carreras\/Especializaciones\/RESFC-2022-509-APN-CONEAU%23ME.pdf\">\n\n\t\t\t\t\t\t\t\t\t\t\t\t<span class=\"elementor-icon-list-icon\">\n\t\t\t\t\t\t\t<i aria-hidden=\"true\" class=\"far fa-file-pdf\"><\/i>\t\t\t\t\t\t<\/span>\n\t\t\t\t\t\t\t\t\t\t<span class=\"elementor-icon-list-text\">RESFC-2022-509-APN-CONEAU#ME<\/span>\n\t\t\t\t\t\t\t\t\t\t\t<\/a>\n\t\t\t\t\t\t\t\t\t<\/li>\n\t\t\t\t\t\t<\/ul>\n\t\t\t\t<\/div>\n\t\t\t\t<\/div>\n\t\t\t\t<div class=\"elementor-element elementor-element-c110f7b elementor-widget elementor-widget-text-editor\" data-id=\"c110f7b\" data-element_type=\"widget\" data-widget_type=\"text-editor.default\">\n\t\t\t\t<div class=\"elementor-widget-container\">\n\t\t\t\t\t\t\t<p><span style=\"font-weight: 400;\">Carrera nueva con evaluaci\u00f3n favorable de la CONEAU \u2013 <a href=\"\/wp-content\/uploads\/Documentos\/Carreras\/Especializaciones\/ACTA%20464-17.pdf\" target=\"_blank\" rel=\"noopener\">Acta 464<\/a>\u00a0<\/span><\/p>\t\t\t\t\t\t<\/div>\n\t\t\t\t<\/div>\n\t\t\t\t<div class=\"elementor-element elementor-element-080c616 elementor-widget elementor-widget-text-editor\" data-id=\"080c616\" data-element_type=\"widget\" data-widget_type=\"text-editor.default\">\n\t\t\t\t<div class=\"elementor-widget-container\">\n\t\t\t\t\t\t\t<p><span style=\"font-weight: 400;\">Director: Dra. Patricia GALDEANO<\/span><\/p><p><span style=\"font-weight: 400;\">Co-Directora: Mgter. Mar\u00eda Magdalena PEKOLJ<\/span><\/p><p><span style=\"font-weight: 400;\">Coordinadora: Dra. Eliana PEPA RISMA<\/span><\/p>\t\t\t\t\t\t<\/div>\n\t\t\t\t<\/div>\n\t\t\t\t<div class=\"elementor-element elementor-element-7a79c7fa elementor-widget elementor-widget-text-editor\" data-id=\"7a79c7fa\" data-element_type=\"widget\" data-widget_type=\"text-editor.default\">\n\t\t\t\t<div class=\"elementor-widget-container\">\n\t\t\t\t\t\t\t<p><span style=\"font-weight: 400;\">T\u00edtulo obtenido: Especialista en Did\u00e1ctica de la Matem\u00e1tica<\/span><\/p><p><span style=\"font-weight: 400;\">Modalidad de dictado: Presencial<\/span><\/p><p><span style=\"font-weight: 400;\">Tipo de Plan: Semiestructurado<\/span><\/p><p><span style=\"font-weight: 400;\">Requisitos de Inscripci\u00f3n: Graduados con T\u00edtulo de Grado provenientes de universidades del pa\u00eds o del Extranjero.<\/span><\/p>\t\t\t\t\t\t<\/div>\n\t\t\t\t<\/div>\n\t\t\t\t<div class=\"elementor-element elementor-element-7043359c elementor-widget-divider--view-line elementor-widget elementor-widget-divider\" data-id=\"7043359c\" data-element_type=\"widget\" data-widget_type=\"divider.default\">\n\t\t\t\t<div class=\"elementor-widget-container\">\n\t\t\t\t\t<div class=\"elementor-divider\">\n\t\t\t<span class=\"elementor-divider-separator\">\n\t\t\t\t\t\t<\/span>\n\t\t<\/div>\n\t\t\t\t<\/div>\n\t\t\t\t<\/div>\n\t\t\t\t<div class=\"elementor-element elementor-element-73557289 elementor-widget elementor-widget-heading\" data-id=\"73557289\" data-element_type=\"widget\" data-widget_type=\"heading.default\">\n\t\t\t\t<div class=\"elementor-widget-container\">\n\t\t\t<h4 class=\"elementor-heading-title elementor-size-default\">Informes<\/h4>\t\t<\/div>\n\t\t\t\t<\/div>\n\t\t\t\t<div class=\"elementor-element elementor-element-1a9f8b82 elementor-widget elementor-widget-text-editor\" data-id=\"1a9f8b82\" data-element_type=\"widget\" data-widget_type=\"text-editor.default\">\n\t\t\t\t<div class=\"elementor-widget-container\">\n\t\t\t\t\t\t\t<ul><li style=\"font-weight: 400;\" aria-level=\"1\"><span style=\"font-weight: 400;\">Secretar\u00eda de Posgrado de la FCFMyN: <\/span><a href=\"mailto:posgradofmn@gmail.com\"><span style=\"font-weight: 400;\">posgradofmn@gmail.com<\/span><\/a> <span style=\"font-weight: 400;\">y tel. de contacto: 266-452-0300 Int. 5559<\/span><\/li><li style=\"font-weight: 400;\" aria-level=\"1\"><span style=\"font-weight: 400;\">Encargados de la carrera: <\/span><a href=\"mailto:didacticamatematica@unsl.edu.ar\"><span style=\"font-weight: 400;\">didacticamatematica@unsl.edu.ar<\/span><\/a><span style=\"font-weight: 400;\">\u00a0<\/span><\/li><\/ul>\t\t\t\t\t\t<\/div>\n\t\t\t\t<\/div>\n\t\t\t\t\t<\/div>\n\t\t<\/div>\n\t\t\t\t<div class=\"elementor-column elementor-col-33 elementor-top-column elementor-element elementor-element-70c09e51\" data-id=\"70c09e51\" data-element_type=\"column\">\n\t\t\t<div class=\"elementor-widget-wrap elementor-element-populated\">\n\t\t\t\t\t\t\t\t<div class=\"elementor-element elementor-element-5b6460bf elementor-align-center elementor-widget elementor-widget-button\" data-id=\"5b6460bf\" data-element_type=\"widget\" data-widget_type=\"button.default\">\n\t\t\t\t<div class=\"elementor-widget-container\">\n\t\t\t\t\t<div class=\"elementor-button-wrapper\">\n\t\t\t<a href=\"https:\/\/autogestion-posgrado.unsl.edu.ar\/g3w\/\" target=\"_blank\" class=\"elementor-button-link elementor-button elementor-size-md\" role=\"button\">\n\t\t\t\t\t\t<span class=\"elementor-button-content-wrapper\">\n\t\t\t\t\t\t<span class=\"elementor-button-text\">INSCRIPCI\u00d3N<\/span>\n\t\t<\/span>\n\t\t\t\t\t<\/a>\n\t\t<\/div>\n\t\t\t\t<\/div>\n\t\t\t\t<\/div>\n\t\t\t\t\t<\/div>\n\t\t<\/div>\n\t\t\t\t\t\t\t<\/div>\n\t\t<\/section>\n\t\t\t\t\t\t<\/div>\n\t\t\t\t\t<\/div>\n\t\t","protected":false},"excerpt":{"rendered":"<p>Especializaci\u00f3n en Did\u00e1ctica de la Matem\u00e1tica Facultad de Ciencias F\u00edsico Matem\u00e1ticas y Naturales Carrera Interinstitucional con la Universidad Nacional de R\u00edo Cuarto y la Universidad&hellip;<\/p>\n","protected":false},"author":1,"featured_media":0,"parent":0,"menu_order":0,"comment_status":"closed","ping_status":"closed","template":"","meta":[],"_links":{"self":[{"href":"http:\/\/posgrado.unsl.edu.ar\/index.php?rest_route=\/wp\/v2\/pages\/1578"}],"collection":[{"href":"http:\/\/posgrado.unsl.edu.ar\/index.php?rest_route=\/wp\/v2\/pages"}],"about":[{"href":"http:\/\/posgrado.unsl.edu.ar\/index.php?rest_route=\/wp\/v2\/types\/page"}],"author":[{"embeddable":true,"href":"http:\/\/posgrado.unsl.edu.ar\/index.php?rest_route=\/wp\/v2\/users\/1"}],"replies":[{"embeddable":true,"href":"http:\/\/posgrado.unsl.edu.ar\/index.php?rest_route=%2Fwp%2Fv2%2Fcomments&post=1578"}],"version-history":[{"count":46,"href":"http:\/\/posgrado.unsl.edu.ar\/index.php?rest_route=\/wp\/v2\/pages\/1578\/revisions"}],"predecessor-version":[{"id":9627,"href":"http:\/\/posgrado.unsl.edu.ar\/index.php?rest_route=\/wp\/v2\/pages\/1578\/revisions\/9627"}],"wp:attachment":[{"href":"http:\/\/posgrado.unsl.edu.ar\/index.php?rest_route=%2Fwp%2Fv2%2Fmedia&parent=1578"}],"curies":[{"name":"wp","href":"https:\/\/api.w.org\/{rel}","templated":true}]}}